{"id":61,"date":"2026-04-17T23:12:52","date_gmt":"2026-04-17T21:12:52","guid":{"rendered":"https:\/\/pogotowiekomputerowesulmierzyceiokolice.pl\/?page_id=61"},"modified":"2026-04-20T20:11:43","modified_gmt":"2026-04-20T18:11:43","slug":"kontakt","status":"publish","type":"page","link":"https:\/\/pogotowiekomputerowesulmierzyceiokolice.pl\/?page_id=61","title":{"rendered":"Kontakt"},"content":{"rendered":"\n<div class=\"info-page-wrap contact-premium-page\">\n\n  <section class=\"card premium-card section-card contact-hero-card\">\n    <div class=\"section-card-top\">\n      <div class=\"card-icon\">\u2709\ufe0f<\/div>\n      <h3>Skontaktuj si\u0119 z nami<\/h3>\n    <\/div>\n\n    <p class=\"contact-lead\">\n      Masz pytania dotycz\u0105ce muzeum, zwiedzania lub planujesz wizyt\u0119? \n      Zapraszamy do kontaktu telefonicznego, mailowego lub osobistego w siedzibie muzeum.\n    <\/p>\n\n    <div class=\"contact-mini-note\">\n      Ch\u0119tnie pomo\u017cemy i udzielimy informacji przed Twoj\u0105 wizyt\u0105.\n    <\/div>\n  <\/section>\n\n  <div class=\"section-space\"><\/div>\n\n  <section class=\"card premium-card section-card contact-details-card\">\n    <div class=\"section-card-top\">\n      <div class=\"card-icon\">\ud83c\udfdb\ufe0f<\/div>\n      <h3>Dane kontaktowe<\/h3>\n    <\/div>\n\n    <div class=\"contact-details-grid\">\n      <div class=\"contact-info-box\">\n        <div class=\"contact-info-label\">Adres<\/div>\n        <div class=\"contact-info-value\">\n          Muzeum Regionalne Ziemi Sulmierzyckiej<br>\n          ul. Rynek 1<br>\n          63-750 Sulmierzyce\n        <\/div>\n      <\/div>\n\n      <div class=\"contact-info-box\">\n        <div class=\"contact-info-label\">Telefon<\/div>\n        <div class=\"contact-info-value\">\n          <a href=\"tel:728473194\">728 473 194<\/a>\n        <\/div>\n      <\/div>\n\n      <div class=\"contact-info-box\">\n        <div class=\"contact-info-label\">E-mail<\/div>\n        <div class=\"contact-info-value\">\n          <a href=\"mailto:muzeum@sulmierzyce.pl\">muzeum@sulmierzyce.pl<\/a>\n        <\/div>\n      <\/div>\n    <\/div>\n\n    <div class=\"card-actions contact-actions\">\n      <a href=\"https:\/\/www.google.com\/maps\/dir\/?api=1&#038;destination=Rynek+1,+Sulmierzyce\"\n         target=\"_blank\"\n         rel=\"noopener noreferrer\"\n         class=\"route-btn\">\n        \ud83d\udccd Wyznacz tras\u0119\n      <\/a>\n\n      <a href=\"mailto:muzeum@sulmierzyce.pl\"\n         class=\"fb-btn\">\n        \ud83d\udce7 Napisz e-mail\n      <\/a>\n    <\/div>\n  <\/section>\n\n  <div class=\"section-space\"><\/div>\n\n  <section class=\"card premium-card section-card contact-map-card\">\n    <div class=\"section-card-top\">\n      <div class=\"card-icon\">\ud83d\uddfa\ufe0f<\/div>\n      <h3>Lokalizacja muzeum<\/h3>\n    <\/div>\n\n    <p>\n      Muzeum mie\u015bci si\u0119 w centrum Sulmierzyc, przy ul. Rynek 1, w zabytkowym drewnianym ratuszu.\n    <\/p>\n\n    <div class=\"map-wrap premium-map contact-map-frame\">\n      <div class=\"panorama-overlay\">\n        <span>Mapa dojazdu<\/span>\n      <\/div>\n      <iframe\n        src=\"https:\/\/www.google.com\/maps?q=Rynek%201,%20Sulmierzyce&#038;output=embed\"\n        width=\"100%\"\n        height=\"380\"\n        style=\"border:0; display:block;\"\n        loading=\"lazy\"\n        referrerpolicy=\"no-referrer-when-downgrade\"\n        title=\"Mapa Muzeum Regionalnego Ziemi Sulmierzyckiej\">\n      <\/iframe>\n    <\/div>\n  <\/section>\n\n  <div class=\"section-space\"><\/div>\n\n  <section class=\"card premium-card section-card contact-cta-card\">\n    <div class=\"section-card-top\">\n      <div class=\"card-icon\">\u2728<\/div>\n      <h3>Zapraszamy do odwiedzin<\/h3>\n    <\/div>\n\n    <p>\n      Kontakt online to dobry pocz\u0105tek, ale najlepiej pozna\u0107 muzeum osobi\u015bcie. \n      Zapraszamy do odwiedzenia naszej siedziby i odkrywania historii regionu na miejscu.\n    <\/p>\n\n    <div class=\"card-actions contact-actions\">\n      <a href=\"https:\/\/www.google.com\/maps\/dir\/?api=1&#038;destination=Rynek+1,+Sulmierzyce\"\n         target=\"_blank\"\n         rel=\"noopener noreferrer\"\n         class=\"route-btn contact-cta-btn\">\n        \ud83d\udccd Zaplanuj wizyt\u0119\n      <\/a>\n    <\/div>\n  <\/section>\n\n<\/div>\n\n\n\n<p><\/p>\n","protected":false},"excerpt":{"rendered":"<p>\u2709\ufe0f Skontaktuj si\u0119 z nami Masz pytania dotycz\u0105ce muzeum, zwiedzania lub planujesz wizyt\u0119? Zapraszamy do kontaktu telefonicznego, mailowego lub osobistego w siedzibie muzeum. Ch\u0119tnie pomo\u017cemy i udzielimy informacji przed Twoj\u0105 wizyt\u0105. \ud83c\udfdb\ufe0f Dane kontaktowe Adres Muzeum Regionalne Ziemi Sulmierzyckiej ul. Rynek 1 63-750 Sulmierzyce Telefon 728 473 194 E-mail muzeum@sulmierzyce.pl \ud83d\udccd Wyznacz tras\u0119 \ud83d\udce7 Napisz [&hellip;]<\/p>\n","protected":false},"author":1,"featured_media":0,"parent":0,"menu_order":0,"comment_status":"closed","ping_status":"closed","template":"","meta":{"footnotes":""},"class_list":["post-61","page","type-page","status-publish","hentry"],"_links":{"self":[{"href":"https:\/\/pogotowiekomputerowesulmierzyceiokolice.pl\/index.php?rest_route=\/wp\/v2\/pages\/61","targetHints":{"allow":["GET"]}}],"collection":[{"href":"https:\/\/pogotowiekomputerowesulmierzyceiokolice.pl\/index.php?rest_route=\/wp\/v2\/pages"}],"about":[{"href":"https:\/\/pogotowiekomputerowesulmierzyceiokolice.pl\/index.php?rest_route=\/wp\/v2\/types\/page"}],"author":[{"embeddable":true,"href":"https:\/\/pogotowiekomputerowesulmierzyceiokolice.pl\/index.php?rest_route=\/wp\/v2\/users\/1"}],"replies":[{"embeddable":true,"href":"https:\/\/pogotowiekomputerowesulmierzyceiokolice.pl\/index.php?rest_route=%2Fwp%2Fv2%2Fcomments&post=61"}],"version-history":[{"count":3,"href":"https:\/\/pogotowiekomputerowesulmierzyceiokolice.pl\/index.php?rest_route=\/wp\/v2\/pages\/61\/revisions"}],"predecessor-version":[{"id":217,"href":"https:\/\/pogotowiekomputerowesulmierzyceiokolice.pl\/index.php?rest_route=\/wp\/v2\/pages\/61\/revisions\/217"}],"wp:attachment":[{"href":"https:\/\/pogotowiekomputerowesulmierzyceiokolice.pl\/index.php?rest_route=%2Fwp%2Fv2%2Fmedia&parent=61"}],"curies":[{"name":"wp","href":"https:\/\/api.w.org\/{rel}","templated":true}]}}