{"id":203,"date":"2026-04-20T12:04:30","date_gmt":"2026-04-20T10:04:30","guid":{"rendered":"https:\/\/pogotowiekomputerowesulmierzyceiokolice.pl\/?page_id=203"},"modified":"2026-04-20T12:04:30","modified_gmt":"2026-04-20T10:04:30","slug":"deklaracja-dostepnosci","status":"publish","type":"page","link":"https:\/\/pogotowiekomputerowesulmierzyceiokolice.pl\/?page_id=203","title":{"rendered":"Deklaracja Dost\u0119pno\u015bci"},"content":{"rendered":"\n<div class=\"info-page-wrap\">\n\n  <div class=\"card premium-card section-card\">\n    <div class=\"section-card-top\">\n      <div class=\"card-icon\">\u267f<\/div>\n      <h3>Deklaracja dost\u0119pno\u015bci<\/h3>\n    <\/div>\n\n    <p>\n      Muzeum Regionalne Ziemi Sulmierzyckiej zobowi\u0105zuje si\u0119 zapewni\u0107 dost\u0119pno\u015b\u0107 swojej strony internetowej zgodnie z ustaw\u0105 o dost\u0119pno\u015bci cyfrowej stron internetowych podmiot\u00f3w publicznych.\n    <\/p>\n\n    <p>\n      Niniejsza deklaracja dotyczy strony internetowej Muzeum Regionalnego Ziemi Sulmierzyckiej.\n    <\/p>\n  <\/div>\n\n  <div class=\"section-space\"><\/div>\n\n  <div class=\"card premium-card section-card\">\n    <div class=\"section-card-top\">\n      <div class=\"card-icon\">\ud83d\udcca<\/div>\n      <h3>Status dost\u0119pno\u015bci<\/h3>\n    <\/div>\n\n    <p>\n      Strona jest w trakcie dostosowywania do wymaga\u0144 dost\u0119pno\u015bci cyfrowej i mo\u017ce zawiera\u0107 elementy niedost\u0119pne.\n    <\/p>\n  <\/div>\n\n  <div class=\"section-space\"><\/div>\n\n  <div class=\"card premium-card section-card\">\n    <div class=\"section-card-top\">\n      <div class=\"card-icon\">\ud83d\udcec<\/div>\n      <h3>Kontakt<\/h3>\n    <\/div>\n\n    <p>W sprawach dost\u0119pno\u015bci prosimy o kontakt:<\/p>\n\n    <div class=\"info-items\">\n      <div>\ud83d\udcde <a href=\"tel:+48728473194\">728 473 194<\/a><\/div>\n      <div>\ud83d\udce7 <a href=\"mailto:muzeum@sulmierzyce.pl\">muzeum@sulmierzyce.pl<\/a><\/div>\n    <\/div>\n  <\/div>\n\n<\/div>\n","protected":false},"excerpt":{"rendered":"<p>\u267f Deklaracja dost\u0119pno\u015bci Muzeum Regionalne Ziemi Sulmierzyckiej zobowi\u0105zuje si\u0119 zapewni\u0107 dost\u0119pno\u015b\u0107 swojej strony internetowej zgodnie z ustaw\u0105 o dost\u0119pno\u015bci cyfrowej stron internetowych podmiot\u00f3w publicznych. Niniejsza deklaracja dotyczy strony internetowej Muzeum Regionalnego Ziemi Sulmierzyckiej. \ud83d\udcca Status dost\u0119pno\u015bci Strona jest w trakcie dostosowywania do wymaga\u0144 dost\u0119pno\u015bci cyfrowej i mo\u017ce zawiera\u0107 elementy niedost\u0119pne. \ud83d\udcec Kontakt W sprawach dost\u0119pno\u015bci [&hellip;]<\/p>\n","protected":false},"author":1,"featured_media":0,"parent":0,"menu_order":0,"comment_status":"closed","ping_status":"closed","template":"","meta":{"footnotes":""},"class_list":["post-203","page","type-page","status-publish","hentry"],"_links":{"self":[{"href":"https:\/\/pogotowiekomputerowesulmierzyceiokolice.pl\/index.php?rest_route=\/wp\/v2\/pages\/203","targetHints":{"allow":["GET"]}}],"collection":[{"href":"https:\/\/pogotowiekomputerowesulmierzyceiokolice.pl\/index.php?rest_route=\/wp\/v2\/pages"}],"about":[{"href":"https:\/\/pogotowiekomputerowesulmierzyceiokolice.pl\/index.php?rest_route=\/wp\/v2\/types\/page"}],"author":[{"embeddable":true,"href":"https:\/\/pogotowiekomputerowesulmierzyceiokolice.pl\/index.php?rest_route=\/wp\/v2\/users\/1"}],"replies":[{"embeddable":true,"href":"https:\/\/pogotowiekomputerowesulmierzyceiokolice.pl\/index.php?rest_route=%2Fwp%2Fv2%2Fcomments&post=203"}],"version-history":[{"count":1,"href":"https:\/\/pogotowiekomputerowesulmierzyceiokolice.pl\/index.php?rest_route=\/wp\/v2\/pages\/203\/revisions"}],"predecessor-version":[{"id":204,"href":"https:\/\/pogotowiekomputerowesulmierzyceiokolice.pl\/index.php?rest_route=\/wp\/v2\/pages\/203\/revisions\/204"}],"wp:attachment":[{"href":"https:\/\/pogotowiekomputerowesulmierzyceiokolice.pl\/index.php?rest_route=%2Fwp%2Fv2%2Fmedia&parent=203"}],"curies":[{"name":"wp","href":"https:\/\/api.w.org\/{rel}","templated":true}]}}