{"id":11,"date":"2026-04-17T22:36:37","date_gmt":"2026-04-17T20:36:37","guid":{"rendered":"https:\/\/pogotowiekomputerowesulmierzyceiokolice.pl\/?page_id=11"},"modified":"2026-04-20T14:29:16","modified_gmt":"2026-04-20T12:29:16","slug":"rada-muzeum","status":"publish","type":"page","link":"https:\/\/pogotowiekomputerowesulmierzyceiokolice.pl\/?page_id=11","title":{"rendered":"Rada Muzeum"},"content":{"rendered":"\n<div class=\"rada-premium\">\n\n  <div class=\"rada-info\">\n    <h3>Sk\u0142ad Rady Muzeum<\/h3>\n    <p>\n      Na podstawie art. 18 ust. 2 pkt 15 ustawy z dnia 8 marca 1990 r.\n      o samorz\u0105dzie gminnym (Dz.U. z 2024 poz. 609) w zwi\u0105zku z art. 11 ust. 1, 3, 4, 5, 6 oraz art. 5 ust. 3 ustawy\n      z dnia 21 listopada 1996 r. o muzeach (Dz. U. z 2022 r. poz. 385)\n      powo\u0142uje si\u0119 Rad\u0119 Muzeum przy Muzeum Regionalnym Ziemi Sulmierzyckiej.\n    <\/p>\n  <\/div>\n\n  <div class=\"rada-grid\">\n    <div class=\"rada-item\"><span>1<\/span> Ma\u0142gorzata Gruszczy\u0144ska<\/div>\n    <div class=\"rada-item\"><span>2<\/span> Krystyna Ignaszewska<\/div>\n    <div class=\"rada-item\"><span>3<\/span> Wanda Januszkiewicz<\/div>\n    <div class=\"rada-item\"><span>4<\/span> Tadeusz Kokot<\/div>\n    <div class=\"rada-item\"><span>5<\/span> Ewelina Uliczna<\/div>\n  <\/div>\n\n<\/div>\n","protected":false},"excerpt":{"rendered":"<p>Sk\u0142ad Rady Muzeum Na podstawie art. 18 ust. 2 pkt 15 ustawy z dnia 8 marca 1990 r. o samorz\u0105dzie gminnym (Dz.U. z 2024 poz. 609) w zwi\u0105zku z art. 11 ust. 1, 3, 4, 5, 6 oraz art. 5 ust. 3 ustawy z dnia 21 listopada 1996 r. o muzeach (Dz. U. z 2022 [&hellip;]<\/p>\n","protected":false},"author":1,"featured_media":0,"parent":0,"menu_order":0,"comment_status":"closed","ping_status":"closed","template":"","meta":{"footnotes":""},"class_list":["post-11","page","type-page","status-publish","hentry"],"_links":{"self":[{"href":"https:\/\/pogotowiekomputerowesulmierzyceiokolice.pl\/index.php?rest_route=\/wp\/v2\/pages\/11","targetHints":{"allow":["GET"]}}],"collection":[{"href":"https:\/\/pogotowiekomputerowesulmierzyceiokolice.pl\/index.php?rest_route=\/wp\/v2\/pages"}],"about":[{"href":"https:\/\/pogotowiekomputerowesulmierzyceiokolice.pl\/index.php?rest_route=\/wp\/v2\/types\/page"}],"author":[{"embeddable":true,"href":"https:\/\/pogotowiekomputerowesulmierzyceiokolice.pl\/index.php?rest_route=\/wp\/v2\/users\/1"}],"replies":[{"embeddable":true,"href":"https:\/\/pogotowiekomputerowesulmierzyceiokolice.pl\/index.php?rest_route=%2Fwp%2Fv2%2Fcomments&post=11"}],"version-history":[{"count":7,"href":"https:\/\/pogotowiekomputerowesulmierzyceiokolice.pl\/index.php?rest_route=\/wp\/v2\/pages\/11\/revisions"}],"predecessor-version":[{"id":207,"href":"https:\/\/pogotowiekomputerowesulmierzyceiokolice.pl\/index.php?rest_route=\/wp\/v2\/pages\/11\/revisions\/207"}],"wp:attachment":[{"href":"https:\/\/pogotowiekomputerowesulmierzyceiokolice.pl\/index.php?rest_route=%2Fwp%2Fv2%2Fmedia&parent=11"}],"curies":[{"name":"wp","href":"https:\/\/api.w.org\/{rel}","templated":true}]}}